{"id":1990,"date":"2018-05-18T08:15:56","date_gmt":"2018-05-18T08:15:56","guid":{"rendered":"https:\/\/cjimoz.org\/news\/?page_id=1990"},"modified":"2018-06-01T08:06:55","modified_gmt":"2018-06-01T08:06:55","slug":"advocacia","status":"publish","type":"page","link":"https:\/\/cjimoz.org.mz\/news\/en\/advocacia\/","title":{"rendered":"Advocacy"},"content":{"rendered":"<div class=\"clear\"><\/div><div id=\"shortcode-tab-0\" class=\"shortcode-listing shortcode-tab\"><ul class=\"tab-header\"><li class=\"tab-title\"><a href=\"#shortcode-tab-0-0\">Advocacy <\/a><\/li><\/ul><div id=\"shortcode-tab-0-0\" class=\"tab-content\"><div class=\"inner\">O CJI pretende conceber, realizar, apoiar e embarcar ac\u00e7\u00f5es de advocacia que defendam e expandam a necessidade do jornalismo investigativo no contexto e espa\u00e7o democr\u00e1ticos, para que a m\u00e9dia fa\u00e7a o seu trabalho com a imparcialidade e verdade factual que se imp\u00f5e ao servi\u00e7o da comunidade jornal\u00edstica em particular em benef\u00edcio do p\u00fablico e das institui\u00e7\u00f5es;<\/p>\n<p><strong>1- <\/strong>Organizar e implementar workshops, confer\u00eancias e semin\u00e1rios a fim de promover a vis\u00e3o e o conhecimento de habilidades pr\u00e1ticas do jornalismo investigativo bem como apresentar os resultados das suas pesquisas;<br \/>\n<strong>2- <\/strong>Desenvolver, coleccionar e circular recursos sobre o jornalismo investigativo incluindo manuais, artigos e material diverso;<br \/>\n<strong>3- <\/strong>Prestar servi\u00e7os de consultoria em mat\u00e9rias de forma\u00e7\u00e3o, pesquisa e facilita\u00e7\u00e3o a<br \/>\noutras organiza\u00e7\u00f5es e entidades diversas, a n\u00edvel nacional e internacional;<\/p>\n<p><strong>Estrat\u00e9gias<\/strong><br \/>\nA estrat\u00e9gia do CJI assenta em tr\u00eas vectores principais nomeadamente:<\/p>\n<p>1.) <strong>Pesquisa &amp; Investiga\u00e7\u00e3o;<\/strong>\u00a0 2.) F<strong>orma\u00e7\u00e3o &amp; Capacita\u00e7\u00e3o;<\/strong>\u00a0 3.) A<strong>dvocacia &amp; Lobbying:<\/strong> realiza\u00e7\u00e3o de ac\u00e7\u00f5es de advocacia pela adop\u00e7\u00e3o da lei Anti-Corrup\u00e7\u00e3o, da Lei de Imprensa em Mo\u00e7ambique e da lei do direito a Informa\u00e7\u00e3o .<\/p>\n<p>O centro espera desenvolver os vectores das suas estrat\u00e9gias enquadrado na redde de parceiros, p\u00fablico e institui\u00e7\u00f5es benefici\u00e1rias e afins. Esera igualmente trabalhar em regime de parceria com as law enforcement agencies nacionais e internacionais para melhor realizar as suas actividades, no tocante \u00e0 quest\u00e3o do Crime Organizado e Corrup\u00e7\u00e3o.<br \/>\n<\/div><\/div><div class=\"clear\"><\/div><\/div><div class=\"clear\"><\/div>","protected":false},"excerpt":{"rendered":"","protected":false},"author":1,"featured_media":0,"parent":0,"menu_order":0,"comment_status":"closed","ping_status":"closed","template":"","meta":{"footnotes":""},"rttpg_featured_image_url":null,"rttpg_author":{"display_name":"Reda\u00e7\u00e3o CJIMOZ","author_link":"https:\/\/cjimoz.org.mz\/news\/en\/author\/hcuambe\/"},"rttpg_comment":0,"rttpg_category":null,"rttpg_excerpt":null,"_links":{"self":[{"href":"https:\/\/cjimoz.org.mz\/news\/en\/wp-json\/wp\/v2\/pages\/1990"}],"collection":[{"href":"https:\/\/cjimoz.org.mz\/news\/en\/wp-json\/wp\/v2\/pages"}],"about":[{"href":"https:\/\/cjimoz.org.mz\/news\/en\/wp-json\/wp\/v2\/types\/page"}],"author":[{"embeddable":true,"href":"https:\/\/cjimoz.org.mz\/news\/en\/wp-json\/wp\/v2\/users\/1"}],"replies":[{"embeddable":true,"href":"https:\/\/cjimoz.org.mz\/news\/en\/wp-json\/wp\/v2\/comments?post=1990"}],"version-history":[{"count":8,"href":"https:\/\/cjimoz.org.mz\/news\/en\/wp-json\/wp\/v2\/pages\/1990\/revisions"}],"predecessor-version":[{"id":2081,"href":"https:\/\/cjimoz.org.mz\/news\/en\/wp-json\/wp\/v2\/pages\/1990\/revisions\/2081"}],"wp:attachment":[{"href":"https:\/\/cjimoz.org.mz\/news\/en\/wp-json\/wp\/v2\/media?parent=1990"}],"curies":[{"name":"wp","href":"https:\/\/api.w.org\/{rel}","templated":true}]}}