{"id":1992,"date":"2018-05-18T08:17:10","date_gmt":"2018-05-18T08:17:10","guid":{"rendered":"https:\/\/cjimoz.org\/news\/?page_id=1992"},"modified":"2024-07-08T23:52:28","modified_gmt":"2024-07-08T21:52:28","slug":"nossa-equipe","status":"publish","type":"page","link":"https:\/\/cjimoz.org.mz\/news\/en\/nossa-equipe\/","title":{"rendered":"Our Team"},"content":{"rendered":"<div data-elementor-type=\"wp-page\" data-elementor-id=\"1992\" class=\"elementor elementor-1992\">\n\t\t\t\t<div class=\"elementor-element elementor-element-20cbefb e-flex e-con-boxed e-con e-parent\" data-id=\"20cbefb\" data-element_type=\"container\">\n\t\t\t\t\t<div class=\"e-con-inner\">\n\t\t\t\t<div class=\"elementor-element elementor-element-8da1061 elementor-widget elementor-widget-shortcode\" data-id=\"8da1061\" data-element_type=\"widget\" data-widget_type=\"shortcode.default\">\n\t\t\t\t<div class=\"elementor-widget-container\">\n\t\t\t\t\t<div class=\"elementor-shortcode\"><div class=\"tmm tmm_cji-team\"><div class=\"tmm_3_columns tmm_wrap tmm_plugin_f\"><span class=\"tmm_two_containers_tablet\"><\/span><div class=\"tmm_container\"><div class=\"tmm_member\" style=\"border-top:#ec8f36 solid 5px;\"><div class=\"tmm_photo tmm_pic_cji-team_0\" style=\"background: url(https:\/\/cjimoz.org\/news\/wp-content\/uploads\/2019\/11\/CJILuis.jpg); margin-left: auto; margin-right:auto; background-size:cover !important;\"><\/div><div class=\"tmm_textblock\"><div class=\"tmm_names\"><span class=\"tmm_fname\">Luis<\/span> <span class=\"tmm_lname\">Nhachote<\/span><\/div><div class=\"tmm_job\">Coordenador executivo<\/div><div class=\"tmm_desc\" style=\"text-align:\"><p>Luis Nhachote is an award-winning investigative journalist and has worked as a journalist for Savana (where he started his career), Mozambique Channel, Zambeze, @Verdade, Confidencial and the online portal 1Mozomz.<br>He has been a consultant for Chatham House (UK), Transparency International, Public Integrity Center (CIP) Speed Program (Mozambique) Executive Director of the Center for International and Mozambican Studies (CEMO), Global Initiative Against Organized Crime.<br>He collaborates in some international media such as Mail &amp; Guardian, (where he completed an internship), The Wall Street Journal and Forbes Africa Magazine<\/p><\/div><div class=\"tmm_scblock\"><\/div><\/div><\/div><div class=\"tmm_member\" style=\"border-top:#ec8f36 solid 5px;\"><div class=\"tmm_photo tmm_pic_cji-team_1\" style=\"background: url(https:\/\/cjimoz.org\/news\/wp-content\/uploads\/2018\/05\/Estacio.jpg); margin-left: auto; margin-right:auto; background-size:cover !important;\"><\/div><div class=\"tmm_textblock\"><div class=\"tmm_names\"><span class=\"tmm_fname\">Estacio<\/span> <span class=\"tmm_lname\">Valoi<\/span><\/div><div class=\"tmm_job\">Investigador<\/div><div class=\"tmm_desc\" style=\"text-align:\"><p>Estacio Valoi is a Mozambican Investigative Journalist (Print, broadcaster, documetary, photography ) who assists Oxpeckers with transnational investigations into environmental problems in the sub-Saharan region. AIPC, IRE members He has covered a wide range of investigations for in Mozambican private newspaper such has Zambeze, AVerdade, Ikwelicrimes looting Mozambique by poaching of rhino and elephant and robbed of its gemstone and timber resources by a myriad of criminal syndicates, often connected to the highest levels in government. His latest challenge saw him duck and dive bulldozers and security companies\u2019 machine guns in Montepuez, an area ravaged by destructive mining practices and forced removals of villagers, perpetrated by a local elite in cahoots with a multinational gemstones company. And as a freelancer for international media outlets. His investigations have been featured by the Forum for African Investigative Reporters, Le Monde, M&amp;G, Foreign Police, Aljazeera, Daily Maverick, the Star, German radio station Deutsche Welle, CNN, South African television stations, and the Reuters Thompson Foundation, among others.<br>O seu mais recente desafio viu-o abaixar e mergulhar em escavadeiras e metralhadoras de empresas de seguran\u00e7a em Montepuez, uma \u00e1rea devastada por pr\u00e1ticas destrutivas de minera\u00e7\u00e3o, remo\u00e7\u00e3o forcada de alde\u00f5es, perpetrada por uma elite local em conluio com uma empresa multinacional de pedras preciosas. E como freelancer para os meios de comunica\u00e7\u00e3o internacionais. Suas investiga\u00e7\u00f5es foram apresentadas pelo F\u00f3rum para Rep\u00f3rteres Investigativos Africanos, Le Monde, M &amp; G, Pol\u00edcia Estrangeira, Aljazeera, Daily Maverick, Star, esta\u00e7\u00e3o de r\u00e1dio alem\u00e3 Deutsche Welle, esta\u00e7\u00f5es de televis\u00e3o sul-africanas e a Funda\u00e7\u00e3o Reuters Thompson, EIA, CNN entre outros<\/p><\/div><div class=\"tmm_scblock\"><\/div><\/div><\/div><span class=\"tmm_two_containers_tablet\"><\/span><div class=\"tmm_member\" style=\"border-top:#ec8f36 solid 5px;\"><div class=\"tmm_photo tmm_pic_cji-team_2\" style=\"background: url(https:\/\/cjimoz.org\/news\/wp-content\/uploads\/2018\/07\/Aunicio-PIC.jpg); margin-left: auto; margin-right:auto; background-size:cover !important;\"><\/div><div class=\"tmm_textblock\"><div class=\"tmm_names\"><span class=\"tmm_fname\">Aun\u00edcio<\/span> <span class=\"tmm_lname\">da Silva<\/span><\/div><div class=\"tmm_job\">Jornalista<\/div><div class=\"tmm_desc\" style=\"text-align:\"><p class=\"m_2898092572907973492gmail-MsoNoSpacing\">Aun\u00edcio da Silva \u00e9 um jornalista de investiga\u00e7\u00e3o e trabalhou como jornalista do Di\u00e1rio da Zamb\u00e9zia (onde iniciou a sua carreira), Canal de Mo\u00e7ambique, Zambeze, Savana, Nova Era e o jornal IKWELI.<\/p><p class=\"m_2898092572907973492gmail-MsoNoSpacing\">J\u00e1 foi Gestor de Conhecimento e Informa\u00e7\u00e3o da Associa\u00e7\u00e3o Nacional de Extens\u00e3o Rural (AENA), Oficial de Comunica\u00e7\u00e3o e Imagem da Plataforma Provincial das Organiza\u00e7\u00f5es da Sociedade Civil de Nampula e Oficial de Comunica\u00e7\u00e3o e Pesquisa da Associa\u00e7\u00e3o Rural de Ajuda M\u00fatua (ORAM).<\/p><p class=\"m_2898092572907973492gmail-MsoNoSpacing\">J\u00e1 foi correspondente eleitoral do Centro de Integridade P\u00fablica (CIP).<\/p><p class=\"m_2898092572907973492gmail-MsoNoSpacing\">Colabora em alguns meios de comunica\u00e7\u00e3o internacionais como a Lusa, Not\u00edcias Lusofonas e Revista ESPORO<\/p><\/div><div class=\"tmm_scblock\"><\/div><\/div><\/div><div style=\"clear:both;\"><\/div><\/div><\/div><\/div><\/div>\n\t\t\t\t<\/div>\n\t\t\t\t<\/div>\n\t\t\t\t\t<\/div>\n\t\t\t\t<\/div>\n\t\t\t\t<\/div>","protected":false},"excerpt":{"rendered":"","protected":false},"author":1,"featured_media":0,"parent":0,"menu_order":0,"comment_status":"closed","ping_status":"closed","template":"","meta":{"footnotes":""},"rttpg_featured_image_url":null,"rttpg_author":{"display_name":"Reda\u00e7\u00e3o CJIMOZ","author_link":"https:\/\/cjimoz.org.mz\/news\/en\/author\/hcuambe\/"},"rttpg_comment":0,"rttpg_category":null,"rttpg_excerpt":null,"_links":{"self":[{"href":"https:\/\/cjimoz.org.mz\/news\/en\/wp-json\/wp\/v2\/pages\/1992"}],"collection":[{"href":"https:\/\/cjimoz.org.mz\/news\/en\/wp-json\/wp\/v2\/pages"}],"about":[{"href":"https:\/\/cjimoz.org.mz\/news\/en\/wp-json\/wp\/v2\/types\/page"}],"author":[{"embeddable":true,"href":"https:\/\/cjimoz.org.mz\/news\/en\/wp-json\/wp\/v2\/users\/1"}],"replies":[{"embeddable":true,"href":"https:\/\/cjimoz.org.mz\/news\/en\/wp-json\/wp\/v2\/comments?post=1992"}],"version-history":[{"count":13,"href":"https:\/\/cjimoz.org.mz\/news\/en\/wp-json\/wp\/v2\/pages\/1992\/revisions"}],"predecessor-version":[{"id":3318,"href":"https:\/\/cjimoz.org.mz\/news\/en\/wp-json\/wp\/v2\/pages\/1992\/revisions\/3318"}],"wp:attachment":[{"href":"https:\/\/cjimoz.org.mz\/news\/en\/wp-json\/wp\/v2\/media?parent=1992"}],"curies":[{"name":"wp","href":"https:\/\/api.w.org\/{rel}","templated":true}]}}