{"id":1996,"date":"2018-05-18T08:23:22","date_gmt":"2018-05-18T08:23:22","guid":{"rendered":"https:\/\/cjimoz.org\/news\/?page_id=1996"},"modified":"2024-07-08T22:59:30","modified_gmt":"2024-07-08T20:59:30","slug":"contacto","status":"publish","type":"page","link":"https:\/\/cjimoz.org.mz\/news\/en\/contacto\/","title":{"rendered":"Contact"},"content":{"rendered":"<div data-elementor-type=\"wp-page\" data-elementor-id=\"1996\" class=\"elementor elementor-1996\">\n\t\t\t\t<div class=\"elementor-element elementor-element-0e75d10 e-flex e-con-boxed e-con e-parent\" data-id=\"0e75d10\" data-element_type=\"container\">\n\t\t\t\t\t<div class=\"e-con-inner\">\n\t\t<div class=\"elementor-element elementor-element-9012dc7 e-con-full e-flex e-con e-child\" data-id=\"9012dc7\" data-element_type=\"container\" data-settings=\"{&quot;background_background&quot;:&quot;classic&quot;}\">\n\t\t\t\t<div class=\"elementor-element elementor-element-c36a728 elementor-invisible elementor-widget elementor-widget-text-editor\" data-id=\"c36a728\" data-element_type=\"widget\" data-settings=\"{&quot;_animation&quot;:&quot;zoomInLeft&quot;}\" data-widget_type=\"text-editor.default\">\n\t\t\t\t<div class=\"elementor-widget-container\">\n\t\t\t<style>\/*! elementor - v3.22.0 - 17-06-2024 *\/\n.elementor-widget-text-editor.elementor-drop-cap-view-stacked .elementor-drop-cap{background-color:#69727d;color:#fff}.elementor-widget-text-editor.elementor-drop-cap-view-framed .elementor-drop-cap{color:#69727d;border:3px solid;background-color:transparent}.elementor-widget-text-editor:not(.elementor-drop-cap-view-default) .elementor-drop-cap{margin-top:8px}.elementor-widget-text-editor:not(.elementor-drop-cap-view-default) .elementor-drop-cap-letter{width:1em;height:1em}.elementor-widget-text-editor .elementor-drop-cap{float:left;text-align:center;line-height:1;font-size:50px}.elementor-widget-text-editor .elementor-drop-cap-letter{display:inline-block}<\/style>\t\t\t\t<p style=\"text-align: left;\"><span style=\"font-size: 14pt;\"><strong>Endere\u00e7o<\/strong><\/span><\/p><p>Avenida Ho Chi Min, n\u00famero 1165<\/p><p>R\u00e9s do Ch\u00e3o<\/p><p>Maputo \u2013 Mo\u00e7ambique<\/p><p>E-mail geral<\/p><p><span style=\"text-decoration: underline; color: #3366ff;\"><strong>cji@cjimoz.org\u00a0<\/strong><\/span><\/p>\t\t\t\t\t\t<\/div>\n\t\t\t\t<\/div>\n\t\t\t\t<\/div>\n\t\t<div class=\"elementor-element elementor-element-f6eda1f e-con-full e-flex e-con e-child\" data-id=\"f6eda1f\" data-element_type=\"container\" data-settings=\"{&quot;background_background&quot;:&quot;classic&quot;}\">\n\t\t\t\t<div class=\"elementor-element elementor-element-d4bf565 elementor-invisible elementor-widget elementor-widget-text-editor\" data-id=\"d4bf565\" data-element_type=\"widget\" data-settings=\"{&quot;_animation&quot;:&quot;fadeInUp&quot;}\" data-widget_type=\"text-editor.default\">\n\t\t\t\t<div class=\"elementor-widget-container\">\n\t\t\t\t\t\t\t<p style=\"text-align: center;\"><span style=\"color: #ffffff; font-size: 14pt;\"><strong>Coordenador Executivo<\/strong><\/span><\/p><p style=\"text-align: center;\"><span style=\"color: #ffffff;\">Luis Nhachote<\/span><\/p><p style=\"text-align: center;\"><span style=\"color: #ffffff;\">E-mail: <strong>luisnhachote@cjimoz.org<\/strong><\/span><\/p><p style=\"text-align: center;\"><span style=\"color: #ffffff;\">Telemovel (+258) 82 4703860<\/span><\/p><p style=\"text-align: center;\"><span style=\"color: #ffffff;\">(+258) 84 4703860<\/span><\/p>\t\t\t\t\t\t<\/div>\n\t\t\t\t<\/div>\n\t\t\t\t<\/div>\n\t\t<div class=\"elementor-element elementor-element-257fdd9 e-con-full e-flex e-con e-child\" data-id=\"257fdd9\" data-element_type=\"container\" data-settings=\"{&quot;background_background&quot;:&quot;classic&quot;}\">\n\t\t\t\t<div class=\"elementor-element elementor-element-442ee1e elementor-invisible elementor-widget elementor-widget-text-editor\" data-id=\"442ee1e\" data-element_type=\"widget\" data-settings=\"{&quot;_animation&quot;:&quot;bounceInUp&quot;}\" data-widget_type=\"text-editor.default\">\n\t\t\t\t<div class=\"elementor-widget-container\">\n\t\t\t\t\t\t\t<p style=\"text-align: right;\"><span style=\"font-size: 14pt;\"><strong>Investigador<\/strong><\/span><\/p><p style=\"text-align: right;\">Est\u00e1cio Valoi<\/p><p style=\"text-align: right;\">E-mail: <strong>estaciosvaloi@cjimoz.org<\/strong><\/p><p style=\"text-align: right;\">Telemovel (+258) 84 2272013<\/p>\t\t\t\t\t\t<\/div>\n\t\t\t\t<\/div>\n\t\t\t\t<\/div>\n\t\t\t\t\t<\/div>\n\t\t\t\t<\/div>\n\t\t<div class=\"elementor-element elementor-element-e900f3c e-flex e-con-boxed elementor-invisible e-con e-parent\" data-id=\"e900f3c\" data-element_type=\"container\" data-settings=\"{&quot;background_background&quot;:&quot;classic&quot;,&quot;animation&quot;:&quot;zoomIn&quot;}\">\n\t\t\t\t\t<div class=\"e-con-inner\">\n\t\t<div class=\"elementor-element elementor-element-f1a98fd e-grid e-con-full e-con e-child\" data-id=\"f1a98fd\" data-element_type=\"container\">\n\t\t\t\t<div class=\"elementor-element elementor-element-263a570 elementor-invisible elementor-widget elementor-widget-image\" data-id=\"263a570\" data-element_type=\"widget\" data-settings=\"{&quot;_animation&quot;:&quot;fadeInLeft&quot;}\" data-widget_type=\"image.default\">\n\t\t\t\t<div class=\"elementor-widget-container\">\n\t\t\t<style>\/*! elementor - v3.22.0 - 17-06-2024 *\/\n.elementor-widget-image{text-align:center}.elementor-widget-image a{display:inline-block}.elementor-widget-image a img[src$=\".svg\"]{width:48px}.elementor-widget-image img{vertical-align:middle;display:inline-block}<\/style>\t\t\t\t\t\t\t\t\t\t<img fetchpriority=\"high\" decoding=\"async\" width=\"1024\" height=\"233\" src=\"https:\/\/cjimoz.org.mz\/news\/wp-content\/uploads\/2024\/06\/Screen-Shot-2018-06-07-at-11.33.00.png\" class=\"attachment-large size-large wp-image-3174\" alt=\"\" \/>\t\t\t\t\t\t\t\t\t\t\t\t\t<\/div>\n\t\t\t\t<\/div>\n\t\t\t\t<div class=\"elementor-element elementor-element-028efc6 elementor-invisible elementor-widget elementor-widget-heading\" data-id=\"028efc6\" data-element_type=\"widget\" data-settings=\"{&quot;_animation&quot;:&quot;fadeInUp&quot;}\" data-widget_type=\"heading.default\">\n\t\t\t\t<div class=\"elementor-widget-container\">\n\t\t\t<style>\/*! elementor - v3.22.0 - 17-06-2024 *\/\n.elementor-heading-title{padding:0;margin:0;line-height:1}.elementor-widget-heading .elementor-heading-title[class*=elementor-size-]>a{color:inherit;font-size:inherit;line-height:inherit}.elementor-widget-heading .elementor-heading-title.elementor-size-small{font-size:15px}.elementor-widget-heading .elementor-heading-title.elementor-size-medium{font-size:19px}.elementor-widget-heading .elementor-heading-title.elementor-size-large{font-size:29px}.elementor-widget-heading .elementor-heading-title.elementor-size-xl{font-size:39px}.elementor-widget-heading .elementor-heading-title.elementor-size-xxl{font-size:59px}<\/style><h2 class=\"elementor-heading-title elementor-size-default\">Estamos presentes em todas as plataformas!<\/h2>\t\t<\/div>\n\t\t\t\t<\/div>\n\t\t\t\t<\/div>\n\t\t\t\t\t<\/div>\n\t\t\t\t<\/div>\n\t\t\t\t<\/div>","protected":false},"excerpt":{"rendered":"<p>Endere\u00e7o Avenida Ho Chi Min, n\u00famero 1165 R\u00e9s do Ch\u00e3o Maputo \u2013 Mo\u00e7ambique E-mail geral cji@cjimoz.org\u00a0 Coordenador Executivo Luis Nhachote E-mail: luisnhachote@cjimoz.org Telemovel (+258) 82 4703860 (+258) 84 4703860 Investigador Est\u00e1cio Valoi E-mail: estaciosvaloi@cjimoz.org Telemovel (+258) 84 2272013 Estamos presentes em todas as plataformas!<\/p>","protected":false},"author":1,"featured_media":0,"parent":0,"menu_order":0,"comment_status":"closed","ping_status":"closed","template":"","meta":{"footnotes":""},"rttpg_featured_image_url":null,"rttpg_author":{"display_name":"Reda\u00e7\u00e3o CJIMOZ","author_link":"https:\/\/cjimoz.org.mz\/news\/en\/author\/hcuambe\/"},"rttpg_comment":0,"rttpg_category":null,"rttpg_excerpt":"Endere\u00e7o Avenida Ho Chi Min, n\u00famero 1165 R\u00e9s do Ch\u00e3o Maputo \u2013 Mo\u00e7ambique E-mail geral cji@cjimoz.org\u00a0 Coordenador Executivo Luis Nhachote E-mail: luisnhachote@cjimoz.org Telemovel (+258) 82 4703860 (+258) 84 4703860 Investigador Est\u00e1cio Valoi E-mail: estaciosvaloi@cjimoz.org Telemovel (+258) 84 2272013 Estamos presentes em todas as plataformas!","_links":{"self":[{"href":"https:\/\/cjimoz.org.mz\/news\/en\/wp-json\/wp\/v2\/pages\/1996"}],"collection":[{"href":"https:\/\/cjimoz.org.mz\/news\/en\/wp-json\/wp\/v2\/pages"}],"about":[{"href":"https:\/\/cjimoz.org.mz\/news\/en\/wp-json\/wp\/v2\/types\/page"}],"author":[{"embeddable":true,"href":"https:\/\/cjimoz.org.mz\/news\/en\/wp-json\/wp\/v2\/users\/1"}],"replies":[{"embeddable":true,"href":"https:\/\/cjimoz.org.mz\/news\/en\/wp-json\/wp\/v2\/comments?post=1996"}],"version-history":[{"count":30,"href":"https:\/\/cjimoz.org.mz\/news\/en\/wp-json\/wp\/v2\/pages\/1996\/revisions"}],"predecessor-version":[{"id":3265,"href":"https:\/\/cjimoz.org.mz\/news\/en\/wp-json\/wp\/v2\/pages\/1996\/revisions\/3265"}],"wp:attachment":[{"href":"https:\/\/cjimoz.org.mz\/news\/en\/wp-json\/wp\/v2\/media?parent=1996"}],"curies":[{"name":"wp","href":"https:\/\/api.w.org\/{rel}","templated":true}]}}