{"id":1986,"date":"2018-05-18T08:13:02","date_gmt":"2018-05-18T08:13:02","guid":{"rendered":"https:\/\/cjimoz.org\/news\/?page_id=1986"},"modified":"2024-07-08T23:25:39","modified_gmt":"2024-07-08T21:25:39","slug":"sobre-nos","status":"publish","type":"page","link":"https:\/\/cjimoz.org.mz\/news\/sobre-nos\/","title":{"rendered":"Sobre n\u00f3s"},"content":{"rendered":"\t\t<div data-elementor-type=\"wp-page\" data-elementor-id=\"1986\" class=\"elementor elementor-1986\">\n\t\t\t\t<div class=\"elementor-element elementor-element-4b21188 e-flex e-con-boxed e-con e-parent\" data-id=\"4b21188\" data-element_type=\"container\">\n\t\t\t\t\t<div class=\"e-con-inner\">\n\t\t\t\t<div class=\"elementor-element elementor-element-4865fd5 elementor-tabs-alignment-stretch elementor-tabs-view-horizontal elementor-invisible elementor-widget elementor-widget-tabs\" data-id=\"4865fd5\" data-element_type=\"widget\" data-settings=\"{&quot;_animation&quot;:&quot;headShake&quot;}\" data-widget_type=\"tabs.default\">\n\t\t\t\t<div class=\"elementor-widget-container\">\n\t\t\t<style>\/*! elementor - v3.22.0 - 17-06-2024 *\/\n.elementor-widget-tabs.elementor-tabs-view-vertical .elementor-tabs-wrapper{width:25%;flex-shrink:0}.elementor-widget-tabs.elementor-tabs-view-vertical .elementor-tab-desktop-title.elementor-active{border-inline-end-style:none}.elementor-widget-tabs.elementor-tabs-view-vertical .elementor-tab-desktop-title.elementor-active:after,.elementor-widget-tabs.elementor-tabs-view-vertical .elementor-tab-desktop-title.elementor-active:before{height:999em;width:0;right:0;border-inline-end-style:solid}.elementor-widget-tabs.elementor-tabs-view-vertical .elementor-tab-desktop-title.elementor-active:before{top:0;transform:translateY(-100%)}.elementor-widget-tabs.elementor-tabs-view-vertical .elementor-tab-desktop-title.elementor-active:after{top:100%}.elementor-widget-tabs.elementor-tabs-view-horizontal .elementor-tab-desktop-title{display:table-cell}.elementor-widget-tabs.elementor-tabs-view-horizontal .elementor-tab-desktop-title.elementor-active{border-bottom-style:none}.elementor-widget-tabs.elementor-tabs-view-horizontal .elementor-tab-desktop-title.elementor-active:after,.elementor-widget-tabs.elementor-tabs-view-horizontal .elementor-tab-desktop-title.elementor-active:before{bottom:0;height:0;width:999em;border-bottom-style:solid}.elementor-widget-tabs.elementor-tabs-view-horizontal .elementor-tab-desktop-title.elementor-active:before{right:100%}.elementor-widget-tabs.elementor-tabs-view-horizontal .elementor-tab-desktop-title.elementor-active:after{left:100%}.elementor-widget-tabs .elementor-tab-content,.elementor-widget-tabs .elementor-tab-title,.elementor-widget-tabs .elementor-tab-title:after,.elementor-widget-tabs .elementor-tab-title:before,.elementor-widget-tabs .elementor-tabs-content-wrapper{border:1px #d5d8dc}.elementor-widget-tabs .elementor-tabs{text-align:start}.elementor-widget-tabs .elementor-tabs-wrapper{overflow:hidden}.elementor-widget-tabs .elementor-tab-title{cursor:pointer;outline:var(--focus-outline,none)}.elementor-widget-tabs .elementor-tab-desktop-title{position:relative;padding:20px 25px;font-weight:700;line-height:1;border:solid transparent}.elementor-widget-tabs .elementor-tab-desktop-title.elementor-active{border-color:#d5d8dc}.elementor-widget-tabs .elementor-tab-desktop-title.elementor-active:after,.elementor-widget-tabs .elementor-tab-desktop-title.elementor-active:before{display:block;content:\"\";position:absolute}.elementor-widget-tabs .elementor-tab-desktop-title:focus-visible{border:1px solid #000}.elementor-widget-tabs .elementor-tab-mobile-title{padding:10px;cursor:pointer}.elementor-widget-tabs .elementor-tab-content{padding:20px;display:none}@media (max-width:767px){.elementor-tabs .elementor-tab-content,.elementor-tabs .elementor-tab-title{border-style:solid solid none}.elementor-tabs .elementor-tabs-wrapper{display:none}.elementor-tabs .elementor-tabs-content-wrapper{border-bottom-style:solid}.elementor-tabs .elementor-tab-content{padding:10px}}@media (min-width:768px){.elementor-widget-tabs.elementor-tabs-view-vertical .elementor-tabs{display:flex}.elementor-widget-tabs.elementor-tabs-view-vertical .elementor-tabs-wrapper{flex-direction:column}.elementor-widget-tabs.elementor-tabs-view-vertical .elementor-tabs-content-wrapper{flex-grow:1;border-style:solid solid solid none}.elementor-widget-tabs.elementor-tabs-view-horizontal .elementor-tab-content{border-style:none solid solid}.elementor-widget-tabs.elementor-tabs-alignment-center .elementor-tabs-wrapper,.elementor-widget-tabs.elementor-tabs-alignment-end .elementor-tabs-wrapper,.elementor-widget-tabs.elementor-tabs-alignment-stretch .elementor-tabs-wrapper{display:flex}.elementor-widget-tabs.elementor-tabs-alignment-center .elementor-tabs-wrapper{justify-content:center}.elementor-widget-tabs.elementor-tabs-alignment-end .elementor-tabs-wrapper{justify-content:flex-end}.elementor-widget-tabs.elementor-tabs-alignment-stretch.elementor-tabs-view-horizontal .elementor-tab-title{width:100%}.elementor-widget-tabs.elementor-tabs-alignment-stretch.elementor-tabs-view-vertical .elementor-tab-title{height:100%}.elementor-tabs .elementor-tab-mobile-title{display:none}}<\/style>\t\t<div class=\"elementor-tabs\">\n\t\t\t<div class=\"elementor-tabs-wrapper\" role=\"tablist\" >\n\t\t\t\t\t\t\t\t\t<div id=\"elementor-tab-title-7591\" class=\"elementor-tab-title elementor-tab-desktop-title\" aria-selected=\"true\" data-tab=\"1\" role=\"tab\" tabindex=\"0\" aria-controls=\"elementor-tab-content-7591\" aria-expanded=\"false\">Sobre N\u00f3s<\/div>\n\t\t\t\t\t\t\t\t\t<div id=\"elementor-tab-title-7592\" class=\"elementor-tab-title elementor-tab-desktop-title\" aria-selected=\"false\" data-tab=\"2\" role=\"tab\" tabindex=\"-1\" aria-controls=\"elementor-tab-content-7592\" aria-expanded=\"false\">Miss\u00e3o<\/div>\n\t\t\t\t\t\t\t\t\t<div id=\"elementor-tab-title-7593\" class=\"elementor-tab-title elementor-tab-desktop-title\" aria-selected=\"false\" data-tab=\"3\" role=\"tab\" tabindex=\"-1\" aria-controls=\"elementor-tab-content-7593\" aria-expanded=\"false\">Vis\u00e3o<\/div>\n\t\t\t\t\t\t\t<\/div>\n\t\t\t<div class=\"elementor-tabs-content-wrapper\" role=\"tablist\" aria-orientation=\"vertical\">\n\t\t\t\t\t\t\t\t\t<div class=\"elementor-tab-title elementor-tab-mobile-title\" aria-selected=\"true\" data-tab=\"1\" role=\"tab\" tabindex=\"0\" aria-controls=\"elementor-tab-content-7591\" aria-expanded=\"false\">Sobre N\u00f3s<\/div>\n\t\t\t\t\t<div id=\"elementor-tab-content-7591\" class=\"elementor-tab-content elementor-clearfix\" data-tab=\"1\" role=\"tabpanel\" aria-labelledby=\"elementor-tab-title-7591\" tabindex=\"0\" hidden=\"false\"><p>O<strong> Centro de Jornalismo Investigativo<\/strong> \u00e9 uma associa\u00e7\u00e3o sem fins lucrativos criada para desenvolver o jornalismo investigativo de interesse p\u00fablico.<\/p><p>\u00a0<\/p><p>Por que sem fins lucrativos?<\/p><p>O jornalismo investigativo ajuda a promover a democracia aberta, respons\u00e1vel e justa, expondo os erros e responsabilizando o poder. No entanto, o jornalismo investigativo enfrenta amea\u00e7as internas (restri\u00e7\u00f5es de recursos em um ambiente de m\u00eddia comercial e em mudan\u00e7a) e amea\u00e7as externas (leis, pol\u00edticas e pr\u00e1ticas restritivas).<br \/>O jornalismo investigativo \u00e9 um investimento caro e arriscado. Precisa de tempo e recursos para ter sucesso; descobrir fatos al\u00e9m do aparente; para manter os poderosos em conta.<br \/>Em um ambiente puramente comercial, o jornalismo investigativo muitas vezes luta para competir com o jornalismo instantaneamente gratificante e fast-food \u2013 o tipo que vende jornais hoje, mas envolve o peixe amanh\u00e3.<br \/>Modelos sem fins lucrativos, financiados por doadores, representam uma alternativa para ganhar terreno em todo o mundo. O financiamento adequado sem fins lucrativos ajuda a garantir que o interesse p\u00fablico na exposi\u00e7\u00e3o do delito seja cumprido.<\/p><\/div>\n\t\t\t\t\t\t\t\t\t<div class=\"elementor-tab-title elementor-tab-mobile-title\" aria-selected=\"false\" data-tab=\"2\" role=\"tab\" tabindex=\"-1\" aria-controls=\"elementor-tab-content-7592\" aria-expanded=\"false\">Miss\u00e3o<\/div>\n\t\t\t\t\t<div id=\"elementor-tab-content-7592\" class=\"elementor-tab-content elementor-clearfix\" data-tab=\"2\" role=\"tabpanel\" aria-labelledby=\"elementor-tab-title-7592\" tabindex=\"0\" hidden=\"hidden\"><p>Conceber, implementar projectos na \u00e1rea de Jornalismo investigativo tendentes a realizar os objectivos do centro: reaizar um acervo de informa\u00e7\u00e3o sobre o Crime Organizado e o conjunto das suas ac\u00e7\u00f5es, de actos de Corrup\u00e7\u00e3o no pa\u00eds, na regi\u00e3o da SADC e em \u00c1frica de forma a apoiar as institui\u00e7\u00f5es envolvidas no seu combate, bem como influenciar a formula\u00e7\u00e3o de pol\u00edticas e tomada de decis\u00e3o a todos os n\u00edveis pela an\u00e1lise das quest\u00f5es ligadas aos temas referidos.<\/p><\/div>\n\t\t\t\t\t\t\t\t\t<div class=\"elementor-tab-title elementor-tab-mobile-title\" aria-selected=\"false\" data-tab=\"3\" role=\"tab\" tabindex=\"-1\" aria-controls=\"elementor-tab-content-7593\" aria-expanded=\"false\">Vis\u00e3o<\/div>\n\t\t\t\t\t<div id=\"elementor-tab-content-7593\" class=\"elementor-tab-content elementor-clearfix\" data-tab=\"3\" role=\"tabpanel\" aria-labelledby=\"elementor-tab-title-7593\" tabindex=\"0\" hidden=\"hidden\"><p>Pretendemos uma vis\u00e3o integrada na abordagem dos problemas \u00e0 volta das quest\u00f5es referidas, em Mo\u00e7ambique, na SADC e no continente africano que garanta a realiza\u00e7\u00e3o e implementa\u00e7\u00e3o de estrat\u00e9gias que permitam o seu combate de forma eficaz e desencorajem tais actividades no espa\u00e7o nacional, regional e continental, qui\u00e7\u00e1 no mundo permitindo o estabelecimento da Paz e Seguran\u00e7a, o respeito pelos Direitos Humanos, a Justi\u00e7a, Democracia e o desenvolvimento do pa\u00eds e do continente africano.<\/p><\/div>\n\t\t\t\t\t\t\t<\/div>\n\t\t<\/div>\n\t\t\t\t<\/div>\n\t\t\t\t<\/div>\n\t\t\t\t\t<\/div>\n\t\t\t\t<\/div>\n\t\t\t\t<\/div>\n\t\t","protected":false},"excerpt":{"rendered":"<p>Sobre N\u00f3s Miss\u00e3o Vis\u00e3o Sobre N\u00f3s O Centro de Jornalismo Investigativo \u00e9 uma associa\u00e7\u00e3o sem fins lucrativos criada para desenvolver o jornalismo investigativo de interesse p\u00fablico. \u00a0 Por que sem fins lucrativos? O jornalismo investigativo ajuda a promover a democracia aberta, respons\u00e1vel e justa, expondo os erros e responsabilizando o poder. No entanto, o jornalismo [&hellip;]<\/p>\n","protected":false},"author":1,"featured_media":0,"parent":0,"menu_order":0,"comment_status":"closed","ping_status":"closed","template":"","meta":{"footnotes":""},"rttpg_featured_image_url":null,"rttpg_author":{"display_name":"Reda\u00e7\u00e3o CJIMOZ","author_link":"https:\/\/cjimoz.org.mz\/news\/author\/hcuambe\/"},"rttpg_comment":0,"rttpg_category":null,"rttpg_excerpt":"Sobre N\u00f3s Miss\u00e3o Vis\u00e3o Sobre N\u00f3s O Centro de Jornalismo Investigativo \u00e9 uma associa\u00e7\u00e3o sem fins lucrativos criada para desenvolver o jornalismo investigativo de interesse p\u00fablico. \u00a0 Por que sem fins lucrativos? O jornalismo investigativo ajuda a promover a democracia aberta, respons\u00e1vel e justa, expondo os erros e responsabilizando o poder. No entanto, o jornalismo&hellip;","_links":{"self":[{"href":"https:\/\/cjimoz.org.mz\/news\/wp-json\/wp\/v2\/pages\/1986"}],"collection":[{"href":"https:\/\/cjimoz.org.mz\/news\/wp-json\/wp\/v2\/pages"}],"about":[{"href":"https:\/\/cjimoz.org.mz\/news\/wp-json\/wp\/v2\/types\/page"}],"author":[{"embeddable":true,"href":"https:\/\/cjimoz.org.mz\/news\/wp-json\/wp\/v2\/users\/1"}],"replies":[{"embeddable":true,"href":"https:\/\/cjimoz.org.mz\/news\/wp-json\/wp\/v2\/comments?post=1986"}],"version-history":[{"count":35,"href":"https:\/\/cjimoz.org.mz\/news\/wp-json\/wp\/v2\/pages\/1986\/revisions"}],"predecessor-version":[{"id":3306,"href":"https:\/\/cjimoz.org.mz\/news\/wp-json\/wp\/v2\/pages\/1986\/revisions\/3306"}],"wp:attachment":[{"href":"https:\/\/cjimoz.org.mz\/news\/wp-json\/wp\/v2\/media?parent=1986"}],"curies":[{"name":"wp","href":"https:\/\/api.w.org\/{rel}","templated":true}]}}